{"id":1957,"date":"2024-01-31T12:49:21","date_gmt":"2024-01-31T12:49:21","guid":{"rendered":"https:\/\/revogan.be\/?page_id=1957"},"modified":"2025-05-20T07:06:39","modified_gmt":"2025-05-20T07:06:39","slug":"marketing-materiaal-revogan","status":"publish","type":"page","link":"https:\/\/revogan.be\/nl\/marketing-materiaal-revogan\/","title":{"rendered":"Marketing"},"content":{"rendered":"<div class=\"passster-form\" id=\"ps-506\">\n    <form class=\"password-form\" method=\"post\" autocomplete=\"off\" target=\"_top\">\n        <span class=\"ps-form-headline\">Welkom op onze pagina!<\/span>\n        <div class=\"ps-form-instructions-wrap\">Deze inhoud is beveiligd met een wachtwoord. Verifieer met een wachtwoord om de inhoud te ontgrendelen. Heeft u geen wachtwoord, vraag het aan via info@revogan.be. \/ Ce contenu est prot\u00e9g\u00e9 par un mot de passe. Veuillez le v\u00e9rifier avec un mot de passe pour d\u00e9verrouiller le contenu. Pour y acc\u00e9der, veuillez entrer le mot de passe. Si vous n'en avez pas, demandez-le en envoyant un e-mail \u00e0 info@revogan.be.\/ This content is password protected. Please verify with a password to unlock the content. If you don\u2019t have a password, request one via info@revogan.be.<\/div>\n        <fieldset>\n            <span class=\"ps-loader\" style=\"display:none;\"><img decoding=\"async\" src=\"https:\/\/revogan.be\/wp-content\/plugins\/content-protector\/assets\/public\/ps-loader.svg\" alt=\"\" \/><\/span>\n            <label for=\"input-ps-506\" style=\"display:none;\" class=\"passster-hidden\">Enter your password<\/label>\n            <input placeholder=\"Uw wachtwoord \/ Votre mot de passe \/ Your password\" type=\"password\" tabindex=\"1\" name=\"passster_password\"\n                   id=\"input-ps-506\" class=\"passster-password\" autocomplete=\"off\"\n                   data-protection-type=\"password\" data-list=\"[PASSSTER_LIST]\" data-lists=\"[PASSSTER_LISTS]\" data-area=\"[PASSSTER_AREA]\"\n                   data-protection=\"full\">\n            \n            <button name=\"submit\" type=\"submit\" class=\"passster-submit\" data-psid=\"ps-506\" data-post-id=\"1957\" data-term-id=\"0\" \n                    data-submit=\"...Checking Password\" data-redirect=\"\">Ontgrendel \/ D\u00e9verrouiller \/ Unlock\n            <\/button>\n            <div class=\"passster-error\"><\/div>\n        <\/fieldset>\n    <\/form>\n<\/div>\n","protected":false},"excerpt":{"rendered":"<div class=\"passster-form\" id=\"ps-506\">\n<form class=\"password-form\" method=\"post\" autocomplete=\"off\" target=\"_top\">\n        <span class=\"ps-form-headline\">Welkom op onze pagina!<\/span><\/p>\n<div class=\"ps-form-instructions-wrap\">Deze inhoud is beveiligd met een wachtwoord. Verifieer met een wachtwoord om de inhoud te ontgrendelen. Heeft u geen wachtwoord, vraag het aan via info@revogan.be. \/ Ce contenu est prot\u00e9g\u00e9 par un mot de passe. Veuillez le v\u00e9rifier avec un mot de passe pour d\u00e9verrouiller le contenu. Pour y acc\u00e9der, veuillez entrer le mot de passe. Si vous n&#8217;en avez pas, demandez-le en envoyant un e-mail \u00e0 info@revogan.be.\/ This content is password protected. Please verify with a password to unlock the content. If you don\u2019t have a password, request one via info@revogan.be.<\/div>\n<fieldset>\n            <span class=\"ps-loader\" style=\"display:none;\"><img decoding=\"async\" src=\"https:\/\/revogan.be\/wp-content\/plugins\/content-protector\/assets\/public\/ps-loader.svg\" alt=\"\" \/><\/span><br \/>\n            <label for=\"input-ps-506\" style=\"display:none;\" class=\"passster-hidden\">Enter your password<\/label><br \/>\n            <input placeholder=\"Uw wachtwoord \/ Votre mot de passe \/ Your password\" type=\"password\" tabindex=\"1\" name=\"passster_password\"\n                   id=\"input-ps-506\" class=\"passster-password\" autocomplete=\"off\"\n                   data-protection-type=\"password\" data-list=\"[PASSSTER_LIST]\" data-lists=\"[PASSSTER_LISTS]\" data-area=\"[PASSSTER_AREA]\"\n                   data-protection=\"full\"><\/p>\n<p>            <button name=\"submit\" type=\"submit\" class=\"passster-submit\" data-psid=\"ps-506\" data-post-id=\"1957\" data-term-id=\"0\" \n                    data-submit=\"...Checking Password\" data-redirect=\"\">Ontgrendel \/ D\u00e9verrouiller \/ Unlock<br \/>\n            <\/button><\/p>\n<div class=\"passster-error\"><\/div>\n<\/fieldset><\/form>\n<\/div>\n","protected":false},"author":1,"featured_media":0,"parent":0,"menu_order":0,"comment_status":"closed","ping_status":"closed","template":"","meta":{"inline_featured_image":false,"neve_meta_sidebar":"","neve_meta_container":"","neve_meta_enable_content_width":"off","neve_meta_content_width":100,"neve_meta_title_alignment":"","neve_meta_author_avatar":"","neve_post_elements_order":"","neve_meta_disable_header":"","neve_meta_disable_footer":"","neve_meta_disable_title":"on","neve_meta_reading_time":"","footnotes":"","_links_to":"","_links_to_target":""},"class_list":["post-1957","page","type-page","status-publish","hentry"],"yoast_head":"<!-- This site is optimized with the Yoast SEO plugin v27.4 - https:\/\/yoast.com\/product\/yoast-seo-wordpress\/ -->\n<title>Marketing materiaal - Revogan<\/title>\n<meta name=\"description\" content=\"Wil jij je favoriete Revogan producten promoten? Dat kan! Wij stellen marketing materiaal beschikbaar dat je hier eenvoudig kan downloaden.\" \/>\n<meta name=\"robots\" content=\"index, follow, max-snippet:-1, max-image-preview:large, max-video-preview:-1\" \/>\n<link rel=\"canonical\" href=\"https:\/\/revogan.be\/nl\/marketing-materiaal-revogan\/\" \/>\n<meta property=\"og:locale\" content=\"nl_NL\" \/>\n<meta property=\"og:type\" content=\"article\" \/>\n<meta property=\"og:title\" content=\"Marketing materiaal - Revogan\" \/>\n<meta property=\"og:description\" content=\"Wil jij je favoriete Revogan producten promoten? Dat kan! Wij stellen marketing materiaal beschikbaar dat je hier eenvoudig kan downloaden.\" \/>\n<meta property=\"og:url\" content=\"https:\/\/revogan.be\/nl\/marketing-materiaal-revogan\/\" \/>\n<meta property=\"og:site_name\" content=\"Dat jij kan genieten van voeding is onze zorg.\" \/>\n<meta property=\"article:publisher\" content=\"https:\/\/www.facebook.com\/Revogan1\/\" \/>\n<meta property=\"article:modified_time\" content=\"2025-05-20T07:06:39+00:00\" \/>\n<meta name=\"twitter:card\" content=\"summary_large_image\" \/>\n<meta name=\"twitter:label1\" content=\"Geschatte leestijd\" \/>\n\t<meta name=\"twitter:data1\" content=\"17 minuten\" \/>\n<script type=\"application\/ld+json\" class=\"yoast-schema-graph\">{\"@context\":\"https:\\\/\\\/schema.org\",\"@graph\":[{\"@type\":\"WebPage\",\"@id\":\"https:\\\/\\\/revogan.be\\\/nl\\\/marketing-materiaal-revogan\\\/\",\"url\":\"https:\\\/\\\/revogan.be\\\/nl\\\/marketing-materiaal-revogan\\\/\",\"name\":\"Marketing materiaal - Revogan\",\"isPartOf\":{\"@id\":\"https:\\\/\\\/revogan.be\\\/nl\\\/#website\"},\"datePublished\":\"2024-01-31T12:49:21+00:00\",\"dateModified\":\"2025-05-20T07:06:39+00:00\",\"description\":\"Wil jij je favoriete Revogan producten promoten? Dat kan! Wij stellen marketing materiaal beschikbaar dat je hier eenvoudig kan downloaden.\",\"breadcrumb\":{\"@id\":\"https:\\\/\\\/revogan.be\\\/nl\\\/marketing-materiaal-revogan\\\/#breadcrumb\"},\"inLanguage\":\"nl-NL\",\"potentialAction\":[{\"@type\":\"ReadAction\",\"target\":[\"https:\\\/\\\/revogan.be\\\/nl\\\/marketing-materiaal-revogan\\\/\"]}]},{\"@type\":\"BreadcrumbList\",\"@id\":\"https:\\\/\\\/revogan.be\\\/nl\\\/marketing-materiaal-revogan\\\/#breadcrumb\",\"itemListElement\":[{\"@type\":\"ListItem\",\"position\":1,\"name\":\"Home\",\"item\":\"https:\\\/\\\/revogan.be\\\/nl\\\/\"},{\"@type\":\"ListItem\",\"position\":2,\"name\":\"Marketing\"}]},{\"@type\":\"WebSite\",\"@id\":\"https:\\\/\\\/revogan.be\\\/nl\\\/#website\",\"url\":\"https:\\\/\\\/revogan.be\\\/nl\\\/\",\"name\":\"Dat jij kan genieten van voeding is onze zorg. | Revogan\",\"description\":\"\",\"publisher\":{\"@id\":\"https:\\\/\\\/revogan.be\\\/nl\\\/#organization\"},\"potentialAction\":[{\"@type\":\"SearchAction\",\"target\":{\"@type\":\"EntryPoint\",\"urlTemplate\":\"https:\\\/\\\/revogan.be\\\/nl\\\/?s={search_term_string}\"},\"query-input\":{\"@type\":\"PropertyValueSpecification\",\"valueRequired\":true,\"valueName\":\"search_term_string\"}}],\"inLanguage\":\"nl-NL\"},{\"@type\":\"Organization\",\"@id\":\"https:\\\/\\\/revogan.be\\\/nl\\\/#organization\",\"name\":\"Dat jij kan genieten van voeding is onze zorg. | Revogan\",\"url\":\"https:\\\/\\\/revogan.be\\\/nl\\\/\",\"logo\":{\"@type\":\"ImageObject\",\"inLanguage\":\"nl-NL\",\"@id\":\"https:\\\/\\\/revogan.be\\\/nl\\\/#\\\/schema\\\/logo\\\/image\\\/\",\"url\":\"https:\\\/\\\/revogan.be\\\/wp-content\\\/uploads\\\/2024\\\/03\\\/REVOGAN_LOGOB_2019_RGB.jpg\",\"contentUrl\":\"https:\\\/\\\/revogan.be\\\/wp-content\\\/uploads\\\/2024\\\/03\\\/REVOGAN_LOGOB_2019_RGB.jpg\",\"width\":709,\"height\":483,\"caption\":\"Dat jij kan genieten van voeding is onze zorg. | Revogan\"},\"image\":{\"@id\":\"https:\\\/\\\/revogan.be\\\/nl\\\/#\\\/schema\\\/logo\\\/image\\\/\"},\"sameAs\":[\"https:\\\/\\\/www.facebook.com\\\/Revogan1\\\/\",\"https:\\\/\\\/www.instagram.com\\\/revoganbelgium\\\/\"]}]}<\/script>\n<!-- \/ Yoast SEO plugin. -->","yoast_head_json":{"title":"Marketing materiaal - Revogan","description":"Wil jij je favoriete Revogan producten promoten? Dat kan! Wij stellen marketing materiaal beschikbaar dat je hier eenvoudig kan downloaden.","robots":{"index":"index","follow":"follow","max-snippet":"max-snippet:-1","max-image-preview":"max-image-preview:large","max-video-preview":"max-video-preview:-1"},"canonical":"https:\/\/revogan.be\/nl\/marketing-materiaal-revogan\/","og_locale":"nl_NL","og_type":"article","og_title":"Marketing materiaal - Revogan","og_description":"Wil jij je favoriete Revogan producten promoten? Dat kan! Wij stellen marketing materiaal beschikbaar dat je hier eenvoudig kan downloaden.","og_url":"https:\/\/revogan.be\/nl\/marketing-materiaal-revogan\/","og_site_name":"Dat jij kan genieten van voeding is onze zorg.","article_publisher":"https:\/\/www.facebook.com\/Revogan1\/","article_modified_time":"2025-05-20T07:06:39+00:00","twitter_card":"summary_large_image","twitter_misc":{"Geschatte leestijd":"17 minuten"},"schema":{"@context":"https:\/\/schema.org","@graph":[{"@type":"WebPage","@id":"https:\/\/revogan.be\/nl\/marketing-materiaal-revogan\/","url":"https:\/\/revogan.be\/nl\/marketing-materiaal-revogan\/","name":"Marketing materiaal - Revogan","isPartOf":{"@id":"https:\/\/revogan.be\/nl\/#website"},"datePublished":"2024-01-31T12:49:21+00:00","dateModified":"2025-05-20T07:06:39+00:00","description":"Wil jij je favoriete Revogan producten promoten? Dat kan! Wij stellen marketing materiaal beschikbaar dat je hier eenvoudig kan downloaden.","breadcrumb":{"@id":"https:\/\/revogan.be\/nl\/marketing-materiaal-revogan\/#breadcrumb"},"inLanguage":"nl-NL","potentialAction":[{"@type":"ReadAction","target":["https:\/\/revogan.be\/nl\/marketing-materiaal-revogan\/"]}]},{"@type":"BreadcrumbList","@id":"https:\/\/revogan.be\/nl\/marketing-materiaal-revogan\/#breadcrumb","itemListElement":[{"@type":"ListItem","position":1,"name":"Home","item":"https:\/\/revogan.be\/nl\/"},{"@type":"ListItem","position":2,"name":"Marketing"}]},{"@type":"WebSite","@id":"https:\/\/revogan.be\/nl\/#website","url":"https:\/\/revogan.be\/nl\/","name":"Dat jij kan genieten van voeding is onze zorg. | Revogan","description":"","publisher":{"@id":"https:\/\/revogan.be\/nl\/#organization"},"potentialAction":[{"@type":"SearchAction","target":{"@type":"EntryPoint","urlTemplate":"https:\/\/revogan.be\/nl\/?s={search_term_string}"},"query-input":{"@type":"PropertyValueSpecification","valueRequired":true,"valueName":"search_term_string"}}],"inLanguage":"nl-NL"},{"@type":"Organization","@id":"https:\/\/revogan.be\/nl\/#organization","name":"Dat jij kan genieten van voeding is onze zorg. | Revogan","url":"https:\/\/revogan.be\/nl\/","logo":{"@type":"ImageObject","inLanguage":"nl-NL","@id":"https:\/\/revogan.be\/nl\/#\/schema\/logo\/image\/","url":"https:\/\/revogan.be\/wp-content\/uploads\/2024\/03\/REVOGAN_LOGOB_2019_RGB.jpg","contentUrl":"https:\/\/revogan.be\/wp-content\/uploads\/2024\/03\/REVOGAN_LOGOB_2019_RGB.jpg","width":709,"height":483,"caption":"Dat jij kan genieten van voeding is onze zorg. | Revogan"},"image":{"@id":"https:\/\/revogan.be\/nl\/#\/schema\/logo\/image\/"},"sameAs":["https:\/\/www.facebook.com\/Revogan1\/","https:\/\/www.instagram.com\/revoganbelgium\/"]}]}},"_links":{"self":[{"href":"https:\/\/revogan.be\/nl\/wp-json\/wp\/v2\/pages\/1957","targetHints":{"allow":["GET"]}}],"collection":[{"href":"https:\/\/revogan.be\/nl\/wp-json\/wp\/v2\/pages"}],"about":[{"href":"https:\/\/revogan.be\/nl\/wp-json\/wp\/v2\/types\/page"}],"author":[{"embeddable":true,"href":"https:\/\/revogan.be\/nl\/wp-json\/wp\/v2\/users\/1"}],"replies":[{"embeddable":true,"href":"https:\/\/revogan.be\/nl\/wp-json\/wp\/v2\/comments?post=1957"}],"version-history":[{"count":98,"href":"https:\/\/revogan.be\/nl\/wp-json\/wp\/v2\/pages\/1957\/revisions"}],"predecessor-version":[{"id":8637,"href":"https:\/\/revogan.be\/nl\/wp-json\/wp\/v2\/pages\/1957\/revisions\/8637"}],"wp:attachment":[{"href":"https:\/\/revogan.be\/nl\/wp-json\/wp\/v2\/media?parent=1957"}],"curies":[{"name":"wp","href":"https:\/\/api.w.org\/{rel}","templated":true}]}}